{"id":6,"date":"2013-04-11T13:08:20","date_gmt":"2013-04-11T12:08:20","guid":{"rendered":"http:\/\/www.instants-choisis.ch\/blog\/?page_id=6"},"modified":"2013-04-22T17:08:12","modified_gmt":"2013-04-22T15:08:12","slug":"un-projet-pas-tres-raisonnable","status":"publish","type":"page","link":"https:\/\/www.instants-choisis.ch\/blog\/un-projet-pas-tres-raisonnable\/","title":{"rendered":"Un projet pas tr\u00e8s raisonnable&#8230;"},"content":{"rendered":"<p><!--:en-->&#8230;<\/p>\n<p>Celui de partir parcourir le monde sans date de retour, en me s\u00e9parant de tout ce que je poss\u00e8de en Suisse.<\/p>\n<p>Celui de partir \u00e0 la d\u00e9couverte de contr\u00e9es lointaines, sauvages, qui font r\u00eaver&#8230;<\/p>\n<p>Celui de partir \u00e0 la rencontre des indig\u00e8nes ou des autres voyageurs, pour partager des \u00e9motions et des bons moments&#8230;<\/p>\n<p>Celui de partir avec un appareil photo pour tenter de partager avec ceux qui restent au travers de ce blog&#8230;<\/p>\n<p>Celui de c\u00e9l\u00e9brer cette nouvelle vie en d\u00e9nommant le projet <strong>VivaLaVida<\/strong> !<\/p>\n<p>&#8230;<!--:--><\/p>\n","protected":false},"excerpt":{"rendered":"<p>&#8230; Celui de partir parcourir le monde sans date de retour, en me s\u00e9parant de tout ce que je poss\u00e8de en Suisse. Celui de partir \u00e0 la d\u00e9couverte de contr\u00e9es lointaines, sauvages, qui font r\u00eaver&#8230; Celui de partir \u00e0 la rencontre des indig\u00e8nes ou des autres voyageurs, pour partager des<a href=\"https:\/\/www.instants-choisis.ch\/blog\/un-projet-pas-tres-raisonnable\/\" class=\"read-more\">Read More&#8230;<\/a><\/p>\n","protected":false},"author":1,"featured_media":0,"parent":0,"menu_order":0,"comment_status":"open","ping_status":"open","template":"fullwidth.php","meta":{"footnotes":""},"class_list":["post-6","page","type-page","status-publish","hentry"],"_links":{"self":[{"href":"https:\/\/www.instants-choisis.ch\/blog\/wp-json\/wp\/v2\/pages\/6","targetHints":{"allow":["GET"]}}],"collection":[{"href":"https:\/\/www.instants-choisis.ch\/blog\/wp-json\/wp\/v2\/pages"}],"about":[{"href":"https:\/\/www.instants-choisis.ch\/blog\/wp-json\/wp\/v2\/types\/page"}],"author":[{"embeddable":true,"href":"https:\/\/www.instants-choisis.ch\/blog\/wp-json\/wp\/v2\/users\/1"}],"replies":[{"embeddable":true,"href":"https:\/\/www.instants-choisis.ch\/blog\/wp-json\/wp\/v2\/comments?post=6"}],"version-history":[{"count":14,"href":"https:\/\/www.instants-choisis.ch\/blog\/wp-json\/wp\/v2\/pages\/6\/revisions"}],"predecessor-version":[{"id":153,"href":"https:\/\/www.instants-choisis.ch\/blog\/wp-json\/wp\/v2\/pages\/6\/revisions\/153"}],"wp:attachment":[{"href":"https:\/\/www.instants-choisis.ch\/blog\/wp-json\/wp\/v2\/media?parent=6"}],"curies":[{"name":"wp","href":"https:\/\/api.w.org\/{rel}","templated":true}]}}