{"id":5126,"date":"2014-12-16T16:58:03","date_gmt":"2014-12-16T20:58:03","guid":{"rendered":"http:\/\/www.instants-choisis.ch\/blog\/?page_id=5126"},"modified":"2015-01-23T16:41:16","modified_gmt":"2015-01-23T20:41:16","slug":"test-wppa","status":"publish","type":"page","link":"https:\/\/www.instants-choisis.ch\/blog\/test-wppa\/","title":{"rendered":"Images"},"content":{"rendered":"<p>&nbsp;<br \/>\nVoici une large s\u00e9lection des images publi\u00e9es au fil du blog, pour que vous puissiez les retrouver plus facilement si le c\u0153ur vous en dit&#8230;<br \/>\n&nbsp;<br \/>\n&nbsp;<br \/>\nSoyez patient svp, il y a beaucoup d&rsquo;images, les pages prennent donc un peu de temps \u00e0 charger&#8230;<br \/>\n&nbsp;<br \/>\n&nbsp;<br \/>\nEt si vous souhaitez accrocher l&rsquo;une ou l&rsquo;autre de ces images sur vos murs, n&rsquo;h\u00e9sitez pas \u00e0 me contacter en m&rsquo;indiquant le nom de l&rsquo;image (il appara\u00eet au-dessus de l&rsquo;image, \u00e0 c\u00f4t\u00e9 de \u00ab\u00a0Portfolio\u00a0\u00bb lorsque l&rsquo;image est affich\u00e9e). J&rsquo;ai de bons imprimeurs autant en Europe qu&rsquo;aux US. \ud83d\ude09<br \/>\n&nbsp;<br \/>\n&nbsp;<br \/>\n&nbsp;<br \/>\n&nbsp;<\/p>\n<p style=\"text-align: left;\">\n<a href=\"\/blog\/?page_id=5444\">&#8230;&#8230;&#8230;&#8230;&#8230;     <img decoding=\"async\" src=\"http:\/\/www.instants-choisis.ch\/blog\/wp-content\/uploads\/wppa\/thumbs\/1850.jpg\" alt=\"\" \/>    &#8230;&#8230;&#8230;&#8230;&#8230;   <strong>   Images 2015 (1)    <\/strong><\/a><br \/>\n&nbsp;<br \/>\n&nbsp;<\/p>\n<p style=\"text-align: left;\">\n<a href=\"\/blog\/?page_id=5191\">&#8230;&#8230;&#8230;&#8230;&#8230;     <img decoding=\"async\" src=\"http:\/\/www.instants-choisis.ch\/blog\/wp-content\/uploads\/wppa\/thumbs\/1549.jpg\" alt=\"\" \/>    &#8230;&#8230;&#8230;&#8230;&#8230;   <strong>   Images 2014 (3)    <\/strong><\/a><br \/>\n&nbsp;<br \/>\n&nbsp;<br \/>\n<a href=\"\/blog\/?page_id=5163\">&#8230;&#8230;&#8230;&#8230;&#8230;     <img decoding=\"async\" src=\"http:\/\/www.instants-choisis.ch\/blog\/wp-content\/uploads\/wppa\/thumbs\/853.jpg\" alt=\"\" \/>     &#8230;&#8230;&#8230;&#8230;&#8230;   <strong>Images 2014 (2)    <\/strong><\/a><br \/>\n&nbsp;<br \/>\n&nbsp;<br \/>\n<a href=\"\/blog\/?page_id=5161\">&#8230;&#8230;&#8230;&#8230;&#8230;     <img decoding=\"async\" src=\"http:\/\/www.instants-choisis.ch\/blog\/wp-content\/uploads\/wppa\/thumbs\/412.jpg\" alt=\"\" \/>     &#8230;&#8230;&#8230;&#8230;&#8230;   <strong>Images 2013 &#8211; 2014 (1)    <\/strong><\/a><br \/>\n&nbsp;<br \/>\n&nbsp;<br \/>\n&nbsp;<br \/>\n&nbsp;<br \/>\n&nbsp;<br \/>\n&nbsp;<\/p>\n","protected":false},"excerpt":{"rendered":"<p>&nbsp; Voici une large s\u00e9lection des images publi\u00e9es au fil du blog, pour que vous puissiez les retrouver plus facilement si le c\u0153ur vous en dit&#8230; &nbsp; &nbsp; Soyez patient svp, il y a beaucoup d&rsquo;images, les pages prennent donc un peu de temps \u00e0 charger&#8230; &nbsp; &nbsp; Et si<a href=\"https:\/\/www.instants-choisis.ch\/blog\/test-wppa\/\" class=\"read-more\">Read More&#8230;<\/a><\/p>\n","protected":false},"author":1,"featured_media":0,"parent":0,"menu_order":0,"comment_status":"closed","ping_status":"closed","template":"","meta":{"footnotes":""},"class_list":["post-5126","page","type-page","status-publish","hentry"],"_links":{"self":[{"href":"https:\/\/www.instants-choisis.ch\/blog\/wp-json\/wp\/v2\/pages\/5126","targetHints":{"allow":["GET"]}}],"collection":[{"href":"https:\/\/www.instants-choisis.ch\/blog\/wp-json\/wp\/v2\/pages"}],"about":[{"href":"https:\/\/www.instants-choisis.ch\/blog\/wp-json\/wp\/v2\/types\/page"}],"author":[{"embeddable":true,"href":"https:\/\/www.instants-choisis.ch\/blog\/wp-json\/wp\/v2\/users\/1"}],"replies":[{"embeddable":true,"href":"https:\/\/www.instants-choisis.ch\/blog\/wp-json\/wp\/v2\/comments?post=5126"}],"version-history":[{"count":58,"href":"https:\/\/www.instants-choisis.ch\/blog\/wp-json\/wp\/v2\/pages\/5126\/revisions"}],"predecessor-version":[{"id":5543,"href":"https:\/\/www.instants-choisis.ch\/blog\/wp-json\/wp\/v2\/pages\/5126\/revisions\/5543"}],"wp:attachment":[{"href":"https:\/\/www.instants-choisis.ch\/blog\/wp-json\/wp\/v2\/media?parent=5126"}],"curies":[{"name":"wp","href":"https:\/\/api.w.org\/{rel}","templated":true}]}}